{"id":17,"date":"2015-09-23T14:12:07","date_gmt":"2015-09-23T12:12:07","guid":{"rendered":"http:\/\/www.traveldesign-mallorca.com\/?page_id=17"},"modified":"2019-06-10T16:18:08","modified_gmt":"2019-06-10T14:18:08","slug":"unterkunft","status":"publish","type":"page","link":"https:\/\/www.traveldesign-mallorca.com\/?page_id=17&lang=de","title":{"rendered":"Unterkunft"},"content":{"rendered":"<p class=\"p1\" style=\"text-align: center;\"><span class=\"s1\">Jeder Mensch hat andere Anspr\u00fcche bez\u00fcglich seiner Unterbringung im Urlaub. W\u00e4hlen Sie f\u00fcr sich den perfekten Unterkunftstypen aus und werfen Sie einen Blick auf unsere erlesene Auswahl! Ob Hotel, Finca, Apartment oder etwas ganz anderes entscheiden Sie!<\/span><\/p>\n","protected":false},"excerpt":{"rendered":"<p>Jeder Mensch hat andere Anspr\u00fcche bez\u00fcglich seiner Unterbringung im Urlaub. W\u00e4hlen Sie f\u00fcr sich den perfekten Unterkunftstypen aus und werfen Sie einen Blick auf unsere erlesene Auswahl! Ob Hotel, Finca, Apartment oder etwas ganz anderes entscheiden Sie!<\/p>\n","protected":false},"author":1,"featured_media":1016,"parent":0,"menu_order":0,"comment_status":"closed","ping_status":"closed","template":"template-grid.php","meta":{"footnotes":""},"class_list":["post-17","page","type-page","status-publish","has-post-thumbnail","hentry"],"yoast_head":"<!-- This site is optimized with the Yoast SEO plugin v27.3 - https:\/\/yoast.com\/product\/yoast-seo-wordpress\/ -->\n<title>Unterkunft &#8211; Travel Design Mallorca<\/title>\n<meta name=\"description\" content=\"W\u00e4hlen Sie f\u00fcr sich den perfekten Unterkunftstypen aus. Ob Hotel, Finca, Apartment oder etwas ganz anderes entscheiden Sie!\" \/>\n<meta name=\"robots\" content=\"index, follow, max-snippet:-1, max-image-preview:large, max-video-preview:-1\" \/>\n<link rel=\"canonical\" href=\"https:\/\/www.traveldesign-mallorca.com\/?page_id=17&lang=de\" \/>\n<meta property=\"og:locale\" content=\"de_DE\" \/>\n<meta property=\"og:type\" content=\"article\" \/>\n<meta property=\"og:title\" content=\"Unterkunft &#8211; Travel Design Mallorca\" \/>\n<meta property=\"og:description\" content=\"W\u00e4hlen Sie f\u00fcr sich den perfekten Unterkunftstypen aus. Ob Hotel, Finca, Apartment oder etwas ganz anderes entscheiden Sie!\" \/>\n<meta property=\"og:url\" content=\"https:\/\/www.traveldesign-mallorca.com\/?page_id=17&amp;lang=de\" \/>\n<meta property=\"og:site_name\" content=\"Travel Design Mallorca\" \/>\n<meta property=\"article:publisher\" content=\"https:\/\/www.facebook.com\/traveldesignmallorca\/\" \/>\n<meta property=\"article:modified_time\" content=\"2019-06-10T14:18:08+00:00\" \/>\n<meta property=\"og:image\" content=\"https:\/\/www.traveldesign-mallorca.com\/wp-content\/uploads\/2016\/12\/Pool-mit-Liegen.jpeg\" \/>\n\t<meta property=\"og:image:width\" content=\"615\" \/>\n\t<meta property=\"og:image:height\" content=\"410\" \/>\n\t<meta property=\"og:image:type\" content=\"image\/jpeg\" \/>\n<meta name=\"twitter:card\" content=\"summary_large_image\" \/>\n<meta name=\"twitter:site\" content=\"@TraveldesignM\" \/>\n<script type=\"application\/ld+json\" class=\"yoast-schema-graph\">{\"@context\":\"https:\\\/\\\/schema.org\",\"@graph\":[{\"@type\":\"WebPage\",\"@id\":\"https:\\\/\\\/www.traveldesign-mallorca.com\\\/?page_id=17&lang=de\",\"url\":\"https:\\\/\\\/www.traveldesign-mallorca.com\\\/?page_id=17&lang=de\",\"name\":\"Unterkunft &#8211; Travel Design Mallorca\",\"isPartOf\":{\"@id\":\"https:\\\/\\\/www.traveldesign-mallorca.com\\\/#website\"},\"primaryImageOfPage\":{\"@id\":\"https:\\\/\\\/www.traveldesign-mallorca.com\\\/?page_id=17&lang=de#primaryimage\"},\"image\":{\"@id\":\"https:\\\/\\\/www.traveldesign-mallorca.com\\\/?page_id=17&lang=de#primaryimage\"},\"thumbnailUrl\":\"https:\\\/\\\/www.traveldesign-mallorca.com\\\/wp-content\\\/uploads\\\/2016\\\/12\\\/Pool-mit-Liegen.jpeg\",\"datePublished\":\"2015-09-23T12:12:07+00:00\",\"dateModified\":\"2019-06-10T14:18:08+00:00\",\"description\":\"W\u00e4hlen Sie f\u00fcr sich den perfekten Unterkunftstypen aus. Ob Hotel, Finca, Apartment oder etwas ganz anderes entscheiden Sie!\",\"breadcrumb\":{\"@id\":\"https:\\\/\\\/www.traveldesign-mallorca.com\\\/?page_id=17&lang=de#breadcrumb\"},\"inLanguage\":\"de\",\"potentialAction\":[{\"@type\":\"ReadAction\",\"target\":[\"https:\\\/\\\/www.traveldesign-mallorca.com\\\/?page_id=17&lang=de\"]}]},{\"@type\":\"ImageObject\",\"inLanguage\":\"de\",\"@id\":\"https:\\\/\\\/www.traveldesign-mallorca.com\\\/?page_id=17&lang=de#primaryimage\",\"url\":\"https:\\\/\\\/www.traveldesign-mallorca.com\\\/wp-content\\\/uploads\\\/2016\\\/12\\\/Pool-mit-Liegen.jpeg\",\"contentUrl\":\"https:\\\/\\\/www.traveldesign-mallorca.com\\\/wp-content\\\/uploads\\\/2016\\\/12\\\/Pool-mit-Liegen.jpeg\",\"width\":615,\"height\":410},{\"@type\":\"BreadcrumbList\",\"@id\":\"https:\\\/\\\/www.traveldesign-mallorca.com\\\/?page_id=17&lang=de#breadcrumb\",\"itemListElement\":[{\"@type\":\"ListItem\",\"position\":1,\"name\":\"Home\",\"item\":\"https:\\\/\\\/www.traveldesign-mallorca.com\\\/?page_id=6&lang=de\"},{\"@type\":\"ListItem\",\"position\":2,\"name\":\"Unterkunft\"}]},{\"@type\":\"WebSite\",\"@id\":\"https:\\\/\\\/www.traveldesign-mallorca.com\\\/#website\",\"url\":\"https:\\\/\\\/www.traveldesign-mallorca.com\\\/\",\"name\":\"Travel Design Mallorca\",\"description\":\"\",\"publisher\":{\"@id\":\"https:\\\/\\\/www.traveldesign-mallorca.com\\\/#organization\"},\"potentialAction\":[{\"@type\":\"SearchAction\",\"target\":{\"@type\":\"EntryPoint\",\"urlTemplate\":\"https:\\\/\\\/www.traveldesign-mallorca.com\\\/?s={search_term_string}\"},\"query-input\":{\"@type\":\"PropertyValueSpecification\",\"valueRequired\":true,\"valueName\":\"search_term_string\"}}],\"inLanguage\":\"de\"},{\"@type\":\"Organization\",\"@id\":\"https:\\\/\\\/www.traveldesign-mallorca.com\\\/#organization\",\"name\":\"Travel Design Mallorca\",\"url\":\"https:\\\/\\\/www.traveldesign-mallorca.com\\\/\",\"logo\":{\"@type\":\"ImageObject\",\"inLanguage\":\"de\",\"@id\":\"https:\\\/\\\/www.traveldesign-mallorca.com\\\/#\\\/schema\\\/logo\\\/image\\\/\",\"url\":\"https:\\\/\\\/www.traveldesign-mallorca.com\\\/wp-content\\\/uploads\\\/2015\\\/09\\\/Fenster_LaSeu_blau.jpg\",\"contentUrl\":\"https:\\\/\\\/www.traveldesign-mallorca.com\\\/wp-content\\\/uploads\\\/2015\\\/09\\\/Fenster_LaSeu_blau.jpg\",\"width\":231,\"height\":227,\"caption\":\"Travel Design Mallorca\"},\"image\":{\"@id\":\"https:\\\/\\\/www.traveldesign-mallorca.com\\\/#\\\/schema\\\/logo\\\/image\\\/\"},\"sameAs\":[\"https:\\\/\\\/www.facebook.com\\\/traveldesignmallorca\\\/\",\"https:\\\/\\\/x.com\\\/TraveldesignM\"]}]}<\/script>\n<!-- \/ Yoast SEO plugin. -->","yoast_head_json":{"title":"Unterkunft &#8211; Travel Design Mallorca","description":"W\u00e4hlen Sie f\u00fcr sich den perfekten Unterkunftstypen aus. Ob Hotel, Finca, Apartment oder etwas ganz anderes entscheiden Sie!","robots":{"index":"index","follow":"follow","max-snippet":"max-snippet:-1","max-image-preview":"max-image-preview:large","max-video-preview":"max-video-preview:-1"},"canonical":"https:\/\/www.traveldesign-mallorca.com\/?page_id=17&lang=de","og_locale":"de_DE","og_type":"article","og_title":"Unterkunft &#8211; Travel Design Mallorca","og_description":"W\u00e4hlen Sie f\u00fcr sich den perfekten Unterkunftstypen aus. Ob Hotel, Finca, Apartment oder etwas ganz anderes entscheiden Sie!","og_url":"https:\/\/www.traveldesign-mallorca.com\/?page_id=17&lang=de","og_site_name":"Travel Design Mallorca","article_publisher":"https:\/\/www.facebook.com\/traveldesignmallorca\/","article_modified_time":"2019-06-10T14:18:08+00:00","og_image":[{"width":615,"height":410,"url":"https:\/\/www.traveldesign-mallorca.com\/wp-content\/uploads\/2016\/12\/Pool-mit-Liegen.jpeg","type":"image\/jpeg"}],"twitter_card":"summary_large_image","twitter_site":"@TraveldesignM","schema":{"@context":"https:\/\/schema.org","@graph":[{"@type":"WebPage","@id":"https:\/\/www.traveldesign-mallorca.com\/?page_id=17&lang=de","url":"https:\/\/www.traveldesign-mallorca.com\/?page_id=17&lang=de","name":"Unterkunft &#8211; Travel Design Mallorca","isPartOf":{"@id":"https:\/\/www.traveldesign-mallorca.com\/#website"},"primaryImageOfPage":{"@id":"https:\/\/www.traveldesign-mallorca.com\/?page_id=17&lang=de#primaryimage"},"image":{"@id":"https:\/\/www.traveldesign-mallorca.com\/?page_id=17&lang=de#primaryimage"},"thumbnailUrl":"https:\/\/www.traveldesign-mallorca.com\/wp-content\/uploads\/2016\/12\/Pool-mit-Liegen.jpeg","datePublished":"2015-09-23T12:12:07+00:00","dateModified":"2019-06-10T14:18:08+00:00","description":"W\u00e4hlen Sie f\u00fcr sich den perfekten Unterkunftstypen aus. Ob Hotel, Finca, Apartment oder etwas ganz anderes entscheiden Sie!","breadcrumb":{"@id":"https:\/\/www.traveldesign-mallorca.com\/?page_id=17&lang=de#breadcrumb"},"inLanguage":"de","potentialAction":[{"@type":"ReadAction","target":["https:\/\/www.traveldesign-mallorca.com\/?page_id=17&lang=de"]}]},{"@type":"ImageObject","inLanguage":"de","@id":"https:\/\/www.traveldesign-mallorca.com\/?page_id=17&lang=de#primaryimage","url":"https:\/\/www.traveldesign-mallorca.com\/wp-content\/uploads\/2016\/12\/Pool-mit-Liegen.jpeg","contentUrl":"https:\/\/www.traveldesign-mallorca.com\/wp-content\/uploads\/2016\/12\/Pool-mit-Liegen.jpeg","width":615,"height":410},{"@type":"BreadcrumbList","@id":"https:\/\/www.traveldesign-mallorca.com\/?page_id=17&lang=de#breadcrumb","itemListElement":[{"@type":"ListItem","position":1,"name":"Home","item":"https:\/\/www.traveldesign-mallorca.com\/?page_id=6&lang=de"},{"@type":"ListItem","position":2,"name":"Unterkunft"}]},{"@type":"WebSite","@id":"https:\/\/www.traveldesign-mallorca.com\/#website","url":"https:\/\/www.traveldesign-mallorca.com\/","name":"Travel Design Mallorca","description":"","publisher":{"@id":"https:\/\/www.traveldesign-mallorca.com\/#organization"},"potentialAction":[{"@type":"SearchAction","target":{"@type":"EntryPoint","urlTemplate":"https:\/\/www.traveldesign-mallorca.com\/?s={search_term_string}"},"query-input":{"@type":"PropertyValueSpecification","valueRequired":true,"valueName":"search_term_string"}}],"inLanguage":"de"},{"@type":"Organization","@id":"https:\/\/www.traveldesign-mallorca.com\/#organization","name":"Travel Design Mallorca","url":"https:\/\/www.traveldesign-mallorca.com\/","logo":{"@type":"ImageObject","inLanguage":"de","@id":"https:\/\/www.traveldesign-mallorca.com\/#\/schema\/logo\/image\/","url":"https:\/\/www.traveldesign-mallorca.com\/wp-content\/uploads\/2015\/09\/Fenster_LaSeu_blau.jpg","contentUrl":"https:\/\/www.traveldesign-mallorca.com\/wp-content\/uploads\/2015\/09\/Fenster_LaSeu_blau.jpg","width":231,"height":227,"caption":"Travel Design Mallorca"},"image":{"@id":"https:\/\/www.traveldesign-mallorca.com\/#\/schema\/logo\/image\/"},"sameAs":["https:\/\/www.facebook.com\/traveldesignmallorca\/","https:\/\/x.com\/TraveldesignM"]}]}},"_links":{"self":[{"href":"https:\/\/www.traveldesign-mallorca.com\/index.php?rest_route=\/wp\/v2\/pages\/17","targetHints":{"allow":["GET"]}}],"collection":[{"href":"https:\/\/www.traveldesign-mallorca.com\/index.php?rest_route=\/wp\/v2\/pages"}],"about":[{"href":"https:\/\/www.traveldesign-mallorca.com\/index.php?rest_route=\/wp\/v2\/types\/page"}],"author":[{"embeddable":true,"href":"https:\/\/www.traveldesign-mallorca.com\/index.php?rest_route=\/wp\/v2\/users\/1"}],"replies":[{"embeddable":true,"href":"https:\/\/www.traveldesign-mallorca.com\/index.php?rest_route=%2Fwp%2Fv2%2Fcomments&post=17"}],"version-history":[{"count":28,"href":"https:\/\/www.traveldesign-mallorca.com\/index.php?rest_route=\/wp\/v2\/pages\/17\/revisions"}],"predecessor-version":[{"id":1043,"href":"https:\/\/www.traveldesign-mallorca.com\/index.php?rest_route=\/wp\/v2\/pages\/17\/revisions\/1043"}],"wp:featuredmedia":[{"embeddable":true,"href":"https:\/\/www.traveldesign-mallorca.com\/index.php?rest_route=\/wp\/v2\/media\/1016"}],"wp:attachment":[{"href":"https:\/\/www.traveldesign-mallorca.com\/index.php?rest_route=%2Fwp%2Fv2%2Fmedia&parent=17"}],"curies":[{"name":"wp","href":"https:\/\/api.w.org\/{rel}","templated":true}]}}